{"id":22,"date":"2023-05-03T12:58:56","date_gmt":"2023-05-03T12:58:56","guid":{"rendered":"https:\/\/crfc.usm.md\/?page_id=22"},"modified":"2023-05-12T14:32:59","modified_gmt":"2023-05-12T14:32:59","slug":"misiunea","status":"publish","type":"page","link":"https:\/\/crfc.usm.md\/?page_id=22","title":{"rendered":"Misiunea"},"content":{"rendered":"<p style=\"text-align: justify;\"><strong>Centrul de Resurse pentru Formare Continu\u0103 (CRFC)<\/strong><b>\u00a0<\/b>este o subdiviziune a Universit\u0103\u021bii de Stat din Moldova, av\u00e2nd ca obiectiv principal coordonarea metodologic\u0103, organizarea \u0219i monitorizarea seviciilor educa\u021bionale de formare continu\u0103 a adul\u021bilor la USM.<\/p>\n<p><b>Viziunea strategic\u0103<\/b>\u00a0a CRFC este de a deveni un Centru de performan\u021b\u0103 \u00een formarea continu\u0103, generator de formare \u015fi dezvoltare a adul\u021bilor, recunoscut la nivel na\u021bional \u0219i interna\u021bional. Realizarea acestei viziuni necesit\u0103 dezvoltarea culturii organiza\u021bionale bazat pe principiile educa\u021biei adul\u021bilor, cu implicarea actorilor educa\u021bionali motiva\u021bi \u0219i dezvoltarea parteneriatelor \u00eentre toate p\u0103r\u021bile interesate din domeniul form\u0103rii continue.<\/p>\n<p><b>Misiunea\u00a0<\/b>CRFC const\u0103 \u00een<b>\u00a0<\/b>:<\/p>\n<p style=\"text-align: justify;\">\u25cb a acorda, prin activit\u0103\u021bi de consultan\u021b\u0103 \u0219i informare, sprijin centrelor\/ laboratoarelor de formare continu\u0103 func\u021bionale la nivel de universitate \u00een efortul de a deveni competitori pentru calitatea \u00eenalt\u0103 a serviciilor de formare continu\u0103;<\/p>\n<p style=\"text-align: justify;\">\u25cb a oferi oportunit\u0103\u021bi de formare continu\u0103 adul\u0163ilor din diferite domenii profesionale \u00een func\u0163ie de cerin\u0163ele pie\u021bei muncii \u015fi de aspira\u0163iile adul\u0163ilor, de nevoile angajatorilor, de cerin\u0163ele posturilor, de posibilit\u0103\u0163ile de promovare sau de \u00eencadrare \u00een munc\u0103.<\/p>\n<p style=\"text-align: justify;\"><b>Direc\u021biile de activitate\u00a0<\/b>a CRFC:<\/p>\n<p style=\"text-align: justify;\">1.Promovarea conceptului de formare continu\u0103 \u0219i \u00eenv\u0103\u021bare pe tot parcursul vie\u021bii \u00een vederea asigur\u0103rii (re)profesionaliz\u0103rii periodice a popula\u021biei apte de munc\u0103 pentru a fi competitivi pe pia\u021ba for\u021bei de munc\u0103.<\/p>\n<p style=\"text-align: justify;\">2.Dezvoltarea serviciilor de formare continu\u0103 de \u00eenalt\u0103 calitate din perspectiva armoniz\u0103rii cererii \u0219i ofertei, corespunz\u0103tor domeniilor de formare ini\u021bial\u0103 la USM.<\/p>\n<p style=\"text-align: justify;\">3.Formarea profesional\u0103 continu\u0103 a personalului din cadrul USM;<\/p>\n<p style=\"text-align: justify;\">4.Dezvoltarea parteneriatelor la nivel na\u021bional \u0219i interna\u021bional pe dimensiunea formare continu\u0103.<\/p>\n<p style=\"text-align: justify;\"><a class=\"mtli_attachment mtli_pdf mtli_attachment mtli_pdf\" href=\"https:\/\/usm.md\/wp-content\/uploads\/Organigrama-CRFC.pdf\"><b><u>Organigrama CRFC<\/u><\/b><\/a><\/p>\n","protected":false},"excerpt":{"rendered":"<p>Centrul de Resurse pentru Formare Continu\u0103 (CRFC)\u00a0este o subdiviziune a Universit\u0103\u021bii de Stat din Moldova, av\u00e2nd ca obiectiv principal coordonarea metodologic\u0103, organizarea \u0219i monitorizarea seviciilor educa\u021bionale de formare continu\u0103 a adul\u021bilor la USM. Viziunea strategic\u0103\u00a0a CRFC este de a deveni un Centru de performan\u021b\u0103 \u00een formarea continu\u0103, generator de formare \u015fi dezvoltare a adul\u021bilor, recunoscut&hellip; <br \/> <a class=\"read-more\" href=\"https:\/\/crfc.usm.md\/?page_id=22\">Cite\u0219te mai mult<\/a><\/p>\n","protected":false},"author":1,"featured_media":0,"parent":0,"menu_order":0,"comment_status":"closed","ping_status":"closed","template":"","meta":{"footnotes":""},"class_list":["post-22","page","type-page","status-publish","hentry"],"rttpg_featured_image_url":null,"rttpg_author":{"display_name":"","author_link":"https:\/\/crfc.usm.md\/?author=1"},"rttpg_comment":0,"rttpg_category":null,"rttpg_excerpt":"Centrul de Resurse pentru Formare Continu\u0103 (CRFC)\u00a0este o subdiviziune a Universit\u0103\u021bii de Stat din Moldova, av\u00e2nd ca obiectiv principal coordonarea metodologic\u0103, organizarea \u0219i monitorizarea seviciilor educa\u021bionale de formare continu\u0103 a adul\u021bilor la USM. Viziunea strategic\u0103\u00a0a CRFC este de a deveni un Centru de performan\u021b\u0103 \u00een formarea continu\u0103, generator de formare \u015fi dezvoltare a adul\u021bilor, recunoscut&hellip;&hellip;","_links":{"self":[{"href":"https:\/\/crfc.usm.md\/index.php?rest_route=\/wp\/v2\/pages\/22","targetHints":{"allow":["GET"]}}],"collection":[{"href":"https:\/\/crfc.usm.md\/index.php?rest_route=\/wp\/v2\/pages"}],"about":[{"href":"https:\/\/crfc.usm.md\/index.php?rest_route=\/wp\/v2\/types\/page"}],"author":[{"embeddable":true,"href":"https:\/\/crfc.usm.md\/index.php?rest_route=\/wp\/v2\/users\/1"}],"replies":[{"embeddable":true,"href":"https:\/\/crfc.usm.md\/index.php?rest_route=%2Fwp%2Fv2%2Fcomments&post=22"}],"version-history":[{"count":2,"href":"https:\/\/crfc.usm.md\/index.php?rest_route=\/wp\/v2\/pages\/22\/revisions"}],"predecessor-version":[{"id":824,"href":"https:\/\/crfc.usm.md\/index.php?rest_route=\/wp\/v2\/pages\/22\/revisions\/824"}],"wp:attachment":[{"href":"https:\/\/crfc.usm.md\/index.php?rest_route=%2Fwp%2Fv2%2Fmedia&parent=22"}],"curies":[{"name":"wp","href":"https:\/\/api.w.org\/{rel}","templated":true}]}}