{"id":37,"date":"2023-05-03T13:00:17","date_gmt":"2023-05-03T13:00:17","guid":{"rendered":"https:\/\/crfc.usm.md\/?page_id=37"},"modified":"2023-05-12T16:21:14","modified_gmt":"2023-05-12T16:21:14","slug":"internationale","status":"publish","type":"page","link":"https:\/\/crfc.usm.md\/?page_id=37","title":{"rendered":"Interna\u021bionale"},"content":{"rendered":"<ul>\n<li style=\"text-align: justify;\"><strong><a href=\"https:\/\/eur-lex.europa.eu\/legal-content\/RO\/TXT\/?uri=CELEX:32017H0615(01)\"><u>Recomandarea Consiliului din 22 mai 2017 privind Cadrul european al calific\u0103rilor pentru \u00eenv\u0103\u021barea pe tot parcursul vie\u021bii \u0219i de abrogare a Recomand\u0103rii Parlamentului European \u0219i a Consiliului din 23 aprilie 2008 privind stabilirea Cadrului european al calific\u0103rilor pentru \u00eenv\u0103\u021barea de-a lungul vie\u021bii<\/u><\/a><\/strong><\/li>\n<li style=\"text-align: justify;\"><strong><a href=\"http:\/\/data.consilium.europa.eu\/doc\/document\/ST-9009-2018-INIT\/ro\/pdf\">Recomandarea Consiliului Uniunii Europene privind competen\u021bele-cheie pentru \u00eenv\u0103\u021barea pe tot parcursul vie\u021bii, adoptat\u0103 de Consiliul la cea de a 3617-a sa reuniune, din 22 mai 2018.<\/a><\/strong><\/li>\n<li style=\"text-align: justify;\"><strong><a href=\"https:\/\/ec.europa.eu\/info\/strategy\/priorities-2019-2024\/economy-works-people\/jobs-growth-and-investment\/european-pillar-social-rights\/european-pillar-social-rights-20-principles_en\"><u>Pilonii Europeni ai Drepturilor Sociale \u00een 20 de principii. Principiul 1: Educa\u021bie, formare \u0219i \u00eenv\u0103\u021bare pe tot parcursul vie\u021bii<\/u><\/a><\/strong><\/li>\n<li style=\"text-align: justify;\"><strong><a href=\"https:\/\/unesdoc.unesco.org\/ark:\/48223\/pf0000380778\"><u>Lifelong learning opportunities for all: medium-term strategy 2022\u20132029 (UNESCO Institute for LLL)<\/u><\/a>\u00a0<\/strong><\/li>\n<li style=\"text-align: justify;\"><strong><a href=\"https:\/\/data.consilium.europa.eu\/doc\/document\/ST-9237-2022-INIT\/en\/pdf\"><u>COUNCIL OF THE EUROPEAN UNION<\/u><u>\u00a0<\/u><u>RECOMMENDATION on a European approach to micro-credentials for lifelong learning and employability, 25 May 2022<\/u><\/a><\/strong><\/li>\n<\/ul>\n<div id=\"gtx-trans\" style=\"position: absolute; left: -199px; top: -16px;\">\n<div class=\"gtx-trans-icon\"><\/div>\n<\/div>\n","protected":false},"excerpt":{"rendered":"<p>Recomandarea Consiliului din 22 mai 2017 privind Cadrul european al calific\u0103rilor pentru \u00eenv\u0103\u021barea pe tot parcursul vie\u021bii \u0219i de abrogare a Recomand\u0103rii Parlamentului European \u0219i a Consiliului din 23 aprilie 2008 privind stabilirea Cadrului european al calific\u0103rilor pentru \u00eenv\u0103\u021barea de-a lungul vie\u021bii Recomandarea Consiliului Uniunii Europene privind competen\u021bele-cheie pentru \u00eenv\u0103\u021barea pe tot parcursul vie\u021bii, adoptat\u0103&hellip; <br \/> <a class=\"read-more\" href=\"https:\/\/crfc.usm.md\/?page_id=37\">Cite\u0219te mai mult<\/a><\/p>\n","protected":false},"author":1,"featured_media":0,"parent":0,"menu_order":0,"comment_status":"closed","ping_status":"closed","template":"","meta":{"footnotes":""},"class_list":["post-37","page","type-page","status-publish","hentry"],"rttpg_featured_image_url":null,"rttpg_author":{"display_name":"","author_link":"https:\/\/crfc.usm.md\/?author=1"},"rttpg_comment":0,"rttpg_category":null,"rttpg_excerpt":"Recomandarea Consiliului din 22 mai 2017 privind Cadrul european al calific\u0103rilor pentru \u00eenv\u0103\u021barea pe tot parcursul vie\u021bii \u0219i de abrogare a Recomand\u0103rii Parlamentului European \u0219i a Consiliului din 23 aprilie 2008 privind stabilirea Cadrului european al calific\u0103rilor pentru \u00eenv\u0103\u021barea de-a lungul vie\u021bii Recomandarea Consiliului Uniunii Europene privind competen\u021bele-cheie pentru \u00eenv\u0103\u021barea pe tot parcursul vie\u021bii, adoptat\u0103&hellip;&hellip;","_links":{"self":[{"href":"https:\/\/crfc.usm.md\/index.php?rest_route=\/wp\/v2\/pages\/37","targetHints":{"allow":["GET"]}}],"collection":[{"href":"https:\/\/crfc.usm.md\/index.php?rest_route=\/wp\/v2\/pages"}],"about":[{"href":"https:\/\/crfc.usm.md\/index.php?rest_route=\/wp\/v2\/types\/page"}],"author":[{"embeddable":true,"href":"https:\/\/crfc.usm.md\/index.php?rest_route=\/wp\/v2\/users\/1"}],"replies":[{"embeddable":true,"href":"https:\/\/crfc.usm.md\/index.php?rest_route=%2Fwp%2Fv2%2Fcomments&post=37"}],"version-history":[{"count":4,"href":"https:\/\/crfc.usm.md\/index.php?rest_route=\/wp\/v2\/pages\/37\/revisions"}],"predecessor-version":[{"id":934,"href":"https:\/\/crfc.usm.md\/index.php?rest_route=\/wp\/v2\/pages\/37\/revisions\/934"}],"wp:attachment":[{"href":"https:\/\/crfc.usm.md\/index.php?rest_route=%2Fwp%2Fv2%2Fmedia&parent=37"}],"curies":[{"name":"wp","href":"https:\/\/api.w.org\/{rel}","templated":true}]}}