{"id":51,"date":"2023-05-03T13:01:57","date_gmt":"2023-05-03T13:01:57","guid":{"rendered":"https:\/\/crfc.usm.md\/?page_id=51"},"modified":"2023-05-12T16:27:54","modified_gmt":"2023-05-12T16:27:54","slug":"module-ateliere-tematice","status":"publish","type":"page","link":"https:\/\/crfc.usm.md\/?page_id=51","title":{"rendered":"Module\/ ateliere tematice"},"content":{"rendered":"<p>Centrul de Resurse pentru Formare Continu\u0103 din cadrul Universit\u0103\u021bii de Stat din Moldova ofer\u0103 un set de programe de formare continu\u0103, care r\u0103spund necesit\u0103\u021bilor beneficiarilor.<\/p>\n<p>Formarea profesional\u0103 continu\u0103 a adul\u021bilor se realizeaz\u0103 prin programe de:<\/p>\n<ul>\n<li>programe de perfec\u021bionare\/specializare, cu durata 150-900 ore\/5-30 credite de studii;<\/li>\n<li>programe de recalificare profesional\u0103 conexe specialit\u0103\u021bii form\u0103rii profesionale ini\u021biale absolvite, cu durata 1800-3600 ore\/60-120 credite de studii.<\/li>\n<\/ul>\n","protected":false},"excerpt":{"rendered":"<p>Centrul de Resurse pentru Formare Continu\u0103 din cadrul Universit\u0103\u021bii de Stat din Moldova ofer\u0103 un set de programe de formare continu\u0103, care r\u0103spund necesit\u0103\u021bilor beneficiarilor. Formarea profesional\u0103 continu\u0103 a adul\u021bilor se realizeaz\u0103 prin programe de: programe de perfec\u021bionare\/specializare, cu durata 150-900 ore\/5-30 credite de studii; programe de recalificare profesional\u0103 conexe specialit\u0103\u021bii form\u0103rii profesionale ini\u021biale absolvite,&hellip; <br \/> <a class=\"read-more\" href=\"https:\/\/crfc.usm.md\/?page_id=51\">Cite\u0219te mai mult<\/a><\/p>\n","protected":false},"author":1,"featured_media":0,"parent":0,"menu_order":0,"comment_status":"closed","ping_status":"closed","template":"","meta":{"footnotes":""},"class_list":["post-51","page","type-page","status-publish","hentry"],"rttpg_featured_image_url":null,"rttpg_author":{"display_name":"","author_link":"https:\/\/crfc.usm.md\/?author=1"},"rttpg_comment":0,"rttpg_category":null,"rttpg_excerpt":"Centrul de Resurse pentru Formare Continu\u0103 din cadrul Universit\u0103\u021bii de Stat din Moldova ofer\u0103 un set de programe de formare continu\u0103, care r\u0103spund necesit\u0103\u021bilor beneficiarilor. Formarea profesional\u0103 continu\u0103 a adul\u021bilor se realizeaz\u0103 prin programe de: programe de perfec\u021bionare\/specializare, cu durata 150-900 ore\/5-30 credite de studii; programe de recalificare profesional\u0103 conexe specialit\u0103\u021bii form\u0103rii profesionale ini\u021biale absolvite,&hellip;&hellip;","_links":{"self":[{"href":"https:\/\/crfc.usm.md\/index.php?rest_route=\/wp\/v2\/pages\/51","targetHints":{"allow":["GET"]}}],"collection":[{"href":"https:\/\/crfc.usm.md\/index.php?rest_route=\/wp\/v2\/pages"}],"about":[{"href":"https:\/\/crfc.usm.md\/index.php?rest_route=\/wp\/v2\/types\/page"}],"author":[{"embeddable":true,"href":"https:\/\/crfc.usm.md\/index.php?rest_route=\/wp\/v2\/users\/1"}],"replies":[{"embeddable":true,"href":"https:\/\/crfc.usm.md\/index.php?rest_route=%2Fwp%2Fv2%2Fcomments&post=51"}],"version-history":[{"count":2,"href":"https:\/\/crfc.usm.md\/index.php?rest_route=\/wp\/v2\/pages\/51\/revisions"}],"predecessor-version":[{"id":945,"href":"https:\/\/crfc.usm.md\/index.php?rest_route=\/wp\/v2\/pages\/51\/revisions\/945"}],"wp:attachment":[{"href":"https:\/\/crfc.usm.md\/index.php?rest_route=%2Fwp%2Fv2%2Fmedia&parent=51"}],"curies":[{"name":"wp","href":"https:\/\/api.w.org\/{rel}","templated":true}]}}